{"id":410,"date":"2008-03-03T11:14:24","date_gmt":"2008-03-03T10:14:24","guid":{"rendered":"http:\/\/blog.bluiswelt.de\/?page_id=410"},"modified":"2008-03-03T11:51:53","modified_gmt":"2008-03-03T10:51:53","slug":"registrieren","status":"publish","type":"page","link":"https:\/\/blog.bluiswelt.de\/?page_id=410","title":{"rendered":"Registrieren?"},"content":{"rendered":"<p>Hallo lieber Leser,<\/p>\n<p>\u00a0vielleicht m\u00f6chtest Du hier \u00f6fters schreiben und hast keine Lust jedes mal das Spamschutzwort einzugeben.<\/p>\n<p>Nun suchst Du sicherlich die Stelle \u00fcber die man sich auf diesem Blog registrieren kann. Die gibt es aber derzeit leider nicht.<\/p>\n<p>In letzter Zeit hatte ich hier laufend anmeldungen von irgendwelchen Personen die weder etwas geschrieben noch sich sonstwie gemeldet haben.<\/p>\n<p>Da diese Adressen immer aus L\u00e4ndern kamen die f\u00fcr Spam und \u00e4hnliche Dinge bekannt sind habe ich nun die Registrierungs-Funktion deaktiviert.<\/p>\n<p>Solltest Du Dich trotzdem hier anmelden wollen schreib mir einfach eine Mail an <img loading=\"lazy\" border=\"0\" align=\"absMiddle\" width=\"113\" src=\"http:\/\/blog.bluiswelt.de\/wp-content\/myfotos\/diverses\/Bluiswelt-Email.jpg\" alt=\"Bluiswelt-Email\" height=\"12\" \/> mit Deinem gew\u00fcnschten Usernamen und der dazugeh\u00f6rigen Email-Adresse und ich trage Dich schnellstm\u00f6glich ein. Das zugeh\u00f6rige Kennwort bekommst Du dann automatisch von WordPress zugeschickt.<\/p>\n","protected":false},"excerpt":{"rendered":"<p>Hallo lieber Leser, \u00a0vielleicht m\u00f6chtest Du hier \u00f6fters schreiben und hast keine Lust jedes mal das Spamschutzwort einzugeben. Nun suchst Du sicherlich die Stelle \u00fcber die man sich auf diesem Blog registrieren kann. Die gibt es aber derzeit leider nicht. In letzter Zeit hatte ich hier laufend anmeldungen von irgendwelchen Personen die weder etwas geschrieben [&hellip;]<\/p>\n","protected":false},"author":2,"featured_media":0,"parent":0,"menu_order":0,"comment_status":"open","ping_status":"open","template":"","meta":{"spay_email":""},"jetpack_sharing_enabled":true,"_links":{"self":[{"href":"https:\/\/blog.bluiswelt.de\/index.php?rest_route=\/wp\/v2\/pages\/410"}],"collection":[{"href":"https:\/\/blog.bluiswelt.de\/index.php?rest_route=\/wp\/v2\/pages"}],"about":[{"href":"https:\/\/blog.bluiswelt.de\/index.php?rest_route=\/wp\/v2\/types\/page"}],"author":[{"embeddable":true,"href":"https:\/\/blog.bluiswelt.de\/index.php?rest_route=\/wp\/v2\/users\/2"}],"replies":[{"embeddable":true,"href":"https:\/\/blog.bluiswelt.de\/index.php?rest_route=%2Fwp%2Fv2%2Fcomments&post=410"}],"version-history":[{"count":0,"href":"https:\/\/blog.bluiswelt.de\/index.php?rest_route=\/wp\/v2\/pages\/410\/revisions"}],"wp:attachment":[{"href":"https:\/\/blog.bluiswelt.de\/index.php?rest_route=%2Fwp%2Fv2%2Fmedia&parent=410"}],"curies":[{"name":"wp","href":"https:\/\/api.w.org\/{rel}","templated":true}]}}