{"id":175,"date":"2007-02-09T13:45:19","date_gmt":"2007-02-09T12:45:19","guid":{"rendered":"http:\/\/cn2480547.coolnic.de\/blog\/datenschutzerklarung\/"},"modified":"2008-01-11T10:47:27","modified_gmt":"2008-01-11T09:47:27","slug":"datenschutzerklarung","status":"publish","type":"page","link":"https:\/\/blog.bluiswelt.de\/?page_id=175","title":{"rendered":"Impressum \/ Datenschutzerkl\u00e4rung"},"content":{"rendered":"<p style=\"margin-bottom: 15px\">Bluis Welt.de ist ein privates Projekt von <img loading=\"lazy\" border=\"0\" align=\"bottom\" width=\"123\" src=\"http:\/\/blog.bluiswelt.de\/wp-content\/uploads\/2007\/10\/blui_name.jpg\" alt=\"Bluis Name\" height=\"15\" \/><a href=\"http:\/\/blog.bluiswelt.de\/wp-content\/uploads\/2007\/10\/blui_name.jpg\" title=\"Bluis Name\"><img loading=\"lazy\" border=\"0\" align=\"bottom\" width=\"1\" src=\"http:\/\/blog.bluiswelt.de\/wp-content\/uploads\/2007\/10\/blui_name.jpg\" alt=\"Bluis Name\" height=\"1\" \/><\/a><img loading=\"lazy\" border=\"0\" align=\"bottom\" width=\"1\" src=\"http:\/\/blog.bluiswelt.de\/wp-content\/uploads\/2007\/10\/blui_name.jpg\" alt=\"Bluis Name\" height=\"1\" \/>.<\/p>\n<p>Web: <a href=\"http:\/\/www.bluiswelt.de\/\">http:\/\/www.bluiswelt.de\/<\/a><br \/>\nBlog: <a href=\"http:\/\/blog.bluiswelt.de\/\">http:\/\/blog.bluiswelt.de\/<\/a><\/p>\n<p>RSS\/ATOM-Feed: <a href=\"http:\/\/blog.bluiswelt.de\/feed\/\">http:\/\/blog.bluiswelt.de\/feed\/<\/a><\/p>\n<p><strong>Inhaltlich Verantwortlicher gem\u00e4\u00df \u00a7 10 Absatz 3 MDStV<\/strong><\/p>\n<p><img src=\"http:\/\/www.bluiswelt.de\/blog\/wp-content\/uploads\/2007\/03\/adresse.jpg\" alt=\"Adresse Blui\" id=\"image231\" \/><\/p>\n<p>Diese Seite wird als <strong>nicht-kommerzielle<\/strong> Homepage gef\u00fchrt.<br \/>\nM\u00f6gliche\u00a0Einnahmen aus auf diesen Seiten dargestellter Werbung dienen ausschlie\u00dflich als Aufwandsentsch\u00e4digung und Kostendeckung f\u00fcr den Verfasser dieser Seiten.<\/p>\n<p><strong>Hinweis zu verlinkten Seiten:<\/strong><\/p>\n<p>Ich bin als Inhaltsanbieter f\u00fcr die \u201ceigenen Inhalte\u201d, die ich zur Nutzung bereithalten nach den allgemeinen Gesetzen verantwortlich. Von diesen eigenen Inhalten sind die Querverweise (\u201eLinks\u201c) auf die von anderen Anbietern bereitgehaltenen Inhalte zu unterscheiden. F\u00fcr diese fremden Inhalte bin ich nur dann verantwortlich, wenn ich von ihnen (d.h. auch von einem rechtswidrigen bzw. strafbaren Inhalt) positive Kenntnis habe und es mir technisch m\u00f6glich und zumutbar ist, deren Nutzung zu verhindern (\u00a7 5 Abs. 2 TDG).<\/p>\n<p>Bei \u201eLinks\u201c handelt es sich stets um \u201elebende\u201c (dynamische) Verweisungen. Ich habe bei der erstmaligen Verkn\u00fcpfung zwar den fremden Inhalt daraufhin \u00fcberpr\u00fcft, ob durch ihn eine m\u00f6gliche zivilrechtliche oder strafrechtliche Verantwortlichkeit ausgel\u00f6st wird. Ich bin aber nicht dazu verpflichtet, die Inhalte, auf die ich verweise, st\u00e4ndig auf Ver\u00e4nderungen hin zu \u00fcberpr\u00fcfen, die eine Verantwortlichkeit neu begr\u00fcnden k\u00f6nnten. Erst wenn ich feststelle oder von anderen darauf hingewiesen werde, dass ein konkretes Angebot, zu dem ich einen Link bereitgestellt habe, eine zivil- oder strafrechtliche Verantwortlichkeit ausl\u00f6st, werden ich den Verweis auf dieses Angebot aufheben, soweit mir dies technisch m\u00f6glich und zumutbar ist. Die technische M\u00f6glichkeit und Zumutbarkeit wird nicht dadurch beeinflusst, dass auch nach Unterbindung des Zugriffs von dieser Website von anderen Servern aus auf das rechtswidrige oder strafbare Angebot zugegriffen werden kann.<\/p>\n<p>Bevor mir jemand ne Abmahnung schickt, weil ich irgendwas geschrieben oder verlinkt habe oder wie auch immer, was eigentlich nicht sein sollte, dann bitte ich diesen erst via oben genannter Mail mit mir Kontakt aufzunehmen, damit das eben schnell gekl\u00e4rt werden kann.<\/p>\n<p><strong>Haftungsausschluss<\/strong><\/p>\n<p>Die bereitgestellten Informationen auf dieser Website wurden sorgf\u00e4ltig gepr\u00fcft und werden regelm\u00e4\u00dfig aktualisiert. Jedoch kann keine Garantie daf\u00fcr \u00fcbernommen werden, dass alle Angaben zu jeder Zeit vollst\u00e4ndig, richtig und in letzter Aktualit\u00e4t dargestellt sind. Alle Angaben k\u00f6nnen ohne vorherige Ank\u00fcndigung erg\u00e4nzt, entfernt oder ge\u00e4ndert werden. Alle auf dieser Website genannten Produktnamen, Produktbezeichnungen und Logos sind eingetragene Warenzeichen und Eigentum der jeweiligen Rechteinhaber.<\/p>\n<p><strong><u>Datenschutzerkl\u00e4rung<\/u><\/strong><\/p>\n<p>Der Schutz Ihrer personenbezogenen Daten bei der Erhebung, Verarbeitung und Nutzung anl\u00e4sslich Ihres Besuchs auf unserer Homepage ist uns ein wichtiges Anliegen. Ihre Daten werden im Rahmen der gesetzlichen Vorschriften gesch\u00fctzt. Nachfolgend finden Sie Informationen, welche Daten w\u00e4hrend Ihres Besuchs auf der Homepage erfasst und wie diese genutzt werden:<\/p>\n<p><strong>1. Erhebung und Verarbeitung von Daten<\/strong><\/p>\n<p>Jeder Zugriff auf unsere Homepage und jeder Abruf einer auf der Homepage hinterlegten Datei werden protokolliert. Die Speicherung dient internen systembezogenen und statistischen Zwecken. Protokolliert werden:<\/p>\n<ul>\n<li>Name der abgerufenen Datei,<\/li>\n<li>Datum und Uhrzeit des Abrufs,<\/li>\n<li>\u00fcbertragene Datenmenge,<\/li>\n<li>Meldung \u00fcber erfolgreichen Abruf,<\/li>\n<li>Webbrowser und<\/li>\n<li>anfragende Domain.<\/li>\n<\/ul>\n<p>Zus\u00e4tzlich werden die IP Adressen der anfragenden Rechner protokolliert. Weitergehende personenbezogene Daten werden nur erfasst, wenn Sie diese Angaben freiwillig, etwa im Rahmen einer Anfrage oder Registrierung, machen.<\/p>\n<p><strong>2. Nutzung und Weitergabe personenbezogener Daten <\/strong><\/p>\n<p>Soweit Sie uns personenbezogene Daten zur Verf\u00fcgung gestellt haben, verwenden wir diese nur zur Beantwortung Ihrer Anfragen, zur Abwicklung mit Ihnen geschlossener Vertr\u00e4ge und f\u00fcr die technische Administration. Ihre personenbezogenen Daten werden an Dritte nur weitergegeben oder sonst \u00fcbermittelt, wenn dies zum Zwecke der Vertragsabwicklung \u2013 insbesondere Weitergabe von Bestelldaten an Lieferanten \u2013 erforderlich ist, dies zu Abrechnungszwecken erforderlich ist oder Sie zuvor eingewilligt haben. Sie haben das Recht, eine erteilte Einwilligung mit Wirkung f\u00fcr die Zukunft jederzeit zu widerrufen. Die L\u00f6schung der gespeicherten personenbezogenen Daten erfolgt, wenn Sie Ihre Einwilligung zur Speicherung widerrufen, wenn ihre Kenntnis zur Erf\u00fcllung des mit der Speicherung verfolgten Zwecks nicht mehr erforderlich ist oder wenn ihre Speicherung aus sonstigen gesetzlichen Gr\u00fcnden unzul\u00e4ssig ist.<\/p>\n<p><strong>3. Auskunftsrecht <\/strong><\/p>\n<p>Auf schriftliche Anfrage werden wir Sie gern \u00fcber die zu Ihrer Person gespeicherten Daten informieren.<\/p>\n<p>Sicherheitshinweis: Wir sind bem\u00fcht, Ihre personenbezogenen Daten durch Ergreifung aller technischen und organisatorischen M\u00f6glichkeiten so zu speichern, dass sie f\u00fcr Dritte nicht zug\u00e4nglich sind. Bei der Kommunikation per E Mail kann die vollst\u00e4ndige Datensicherheit von uns nicht gew\u00e4hrleistet werden, so dass wir Ihnen bei vertraulichen Informationen den Postweg empfehlen.<\/p>\n<p><strong><u>Einverst\u00e4ndniserkl\u00e4rung<\/u><\/strong><br \/>\nMit der Nutzung\/\u00d6ffnung unserer Webseiten wird Ihr Einverst\u00e4ndnis mit den hier formulierten\u00a0Bestimmungen erkl\u00e4rt. Die Nutzung ist zu unterlassen, sofern keine Zustimmung erfolgt.<\/p>\n","protected":false},"excerpt":{"rendered":"<p>Bluis Welt.de ist ein privates Projekt von . Web: http:\/\/www.bluiswelt.de\/ Blog: http:\/\/blog.bluiswelt.de\/ RSS\/ATOM-Feed: http:\/\/blog.bluiswelt.de\/feed\/ Inhaltlich Verantwortlicher gem\u00e4\u00df \u00a7 10 Absatz 3 MDStV Diese Seite wird als nicht-kommerzielle Homepage gef\u00fchrt. M\u00f6gliche\u00a0Einnahmen aus auf diesen Seiten dargestellter Werbung dienen ausschlie\u00dflich als Aufwandsentsch\u00e4digung und Kostendeckung f\u00fcr den Verfasser dieser Seiten. Hinweis zu verlinkten Seiten: Ich bin als Inhaltsanbieter [&hellip;]<\/p>\n","protected":false},"author":2,"featured_media":0,"parent":2,"menu_order":10,"comment_status":"open","ping_status":"open","template":"","meta":{"spay_email":""},"jetpack_sharing_enabled":true,"_links":{"self":[{"href":"https:\/\/blog.bluiswelt.de\/index.php?rest_route=\/wp\/v2\/pages\/175"}],"collection":[{"href":"https:\/\/blog.bluiswelt.de\/index.php?rest_route=\/wp\/v2\/pages"}],"about":[{"href":"https:\/\/blog.bluiswelt.de\/index.php?rest_route=\/wp\/v2\/types\/page"}],"author":[{"embeddable":true,"href":"https:\/\/blog.bluiswelt.de\/index.php?rest_route=\/wp\/v2\/users\/2"}],"replies":[{"embeddable":true,"href":"https:\/\/blog.bluiswelt.de\/index.php?rest_route=%2Fwp%2Fv2%2Fcomments&post=175"}],"version-history":[{"count":0,"href":"https:\/\/blog.bluiswelt.de\/index.php?rest_route=\/wp\/v2\/pages\/175\/revisions"}],"up":[{"embeddable":true,"href":"https:\/\/blog.bluiswelt.de\/index.php?rest_route=\/wp\/v2\/pages\/2"}],"wp:attachment":[{"href":"https:\/\/blog.bluiswelt.de\/index.php?rest_route=%2Fwp%2Fv2%2Fmedia&parent=175"}],"curies":[{"name":"wp","href":"https:\/\/api.w.org\/{rel}","templated":true}]}}