{"id":2,"date":"2007-01-17T16:07:34","date_gmt":"2007-01-17T15:07:34","guid":{"rendered":""},"modified":"2007-04-04T15:18:50","modified_gmt":"2007-04-04T13:18:50","slug":"eine-seite","status":"publish","type":"page","link":"http:\/\/blog.bluiswelt.de\/?page_id=2","title":{"rendered":"\u00dcber Blui"},"content":{"rendered":"<p><strike>Hier steht etwas \u00fcber mich drin&#8230;.bald&#8230; \ud83d\ude09<\/strike><\/p>\n<p>Auf vielfachen Wunsch hier schonmal ein Bild von mir:<\/p>\n<p><a href=\"http:\/\/www.dumpr.net\/photo\/cb73997e1993b619\/\"><img alt=\"View full\" src=\"http:\/\/www.dumpr.net\/static\/0c\/cb73997e1993b619_s.jpg\" border=\"0\" \/><\/a><\/p>\n<p>Mal \u00fcberlegen was hier noch reinkommt<\/p>\n<p>Name und Adresse findet man im Impressum, ich befinde mich im mittleren Alter wie auf diversen Seiten hier im Blog schon zu lesen ist. Meine Lebensgeschichte f\u00e4ngt in etwa so an das ich in einer kleinen Stadt am Rande des Harzes, genauer zwischen Harz und Solling aufgewachsen bin, dort mehr als die h\u00e4lfte meines Lebens verbracht habe und sp\u00e4ter dann aus Liebe nach D\u00fcsseldorf gezogen bin. Dort wohne ich nun auch schon wieder &#8222;eine ganze Schulzeit lang&#8220; &#8230;..<\/p>\n<p>Fortsetzung folgt<\/p>\n","protected":false},"excerpt":{"rendered":"<p>Hier steht etwas \u00fcber mich drin&#8230;.bald&#8230; \ud83d\ude09 Auf vielfachen Wunsch hier schonmal ein Bild von mir: Mal \u00fcberlegen was hier noch reinkommt Name und Adresse findet man im Impressum, ich befinde mich im mittleren Alter wie auf diversen Seiten hier im Blog schon zu lesen ist. Meine Lebensgeschichte f\u00e4ngt in etwa so an das ich [&hellip;]<\/p>\n","protected":false},"author":2,"featured_media":0,"parent":0,"menu_order":0,"comment_status":"open","ping_status":"open","template":"","meta":{"spay_email":""},"jetpack_sharing_enabled":true,"_links":{"self":[{"href":"http:\/\/blog.bluiswelt.de\/index.php?rest_route=\/wp\/v2\/pages\/2"}],"collection":[{"href":"http:\/\/blog.bluiswelt.de\/index.php?rest_route=\/wp\/v2\/pages"}],"about":[{"href":"http:\/\/blog.bluiswelt.de\/index.php?rest_route=\/wp\/v2\/types\/page"}],"author":[{"embeddable":true,"href":"http:\/\/blog.bluiswelt.de\/index.php?rest_route=\/wp\/v2\/users\/2"}],"replies":[{"embeddable":true,"href":"http:\/\/blog.bluiswelt.de\/index.php?rest_route=%2Fwp%2Fv2%2Fcomments&post=2"}],"version-history":[{"count":0,"href":"http:\/\/blog.bluiswelt.de\/index.php?rest_route=\/wp\/v2\/pages\/2\/revisions"}],"wp:attachment":[{"href":"http:\/\/blog.bluiswelt.de\/index.php?rest_route=%2Fwp%2Fv2%2Fmedia&parent=2"}],"curies":[{"name":"wp","href":"https:\/\/api.w.org\/{rel}","templated":true}]}}