{"id":144,"date":"2007-02-04T12:29:48","date_gmt":"2007-02-04T11:29:48","guid":{"rendered":"http:\/\/cn2480547.coolnic.de\/blog\/impressum-kontakt\/"},"modified":"2008-01-11T10:48:58","modified_gmt":"2008-01-11T09:48:58","slug":"impressum-kontakt","status":"publish","type":"page","link":"http:\/\/blog.bluiswelt.de\/?page_id=144","title":{"rendered":"Kontakt"},"content":{"rendered":"<p>Es gibt verschiedene M\u00f6glichkeiten mit mir Kontakt aufzunehmen.<\/p>\n<p>Am einfachsten nat\u00fcrlich per Mail an <img src=\"http:\/\/www.bluiswelt.de\/blog\/wp-content\/uploads\/2007\/04\/email.jpg\" alt=\"Email\" id=\"image266\" \/><\/p>\n<p>Au\u00dferdem noch \u00fcber die im Impressum genannte Adresse oder auch \u00fcber folgende Medien des Internets:<\/p>\n<p>\u00dcber ICQ <img src=\"http:\/\/status.icq.com\/online.gif?icq=32477838&amp;img=2\" \/><\/p>\n<p>Meebo <em>Chatfenster folgt noch<\/em><br \/>\n<a href=\"http:\/\/odeo.com\/sendmeamessage\/Blui\"><img align=\"middle\" src=\"http:\/\/odeo.com\/img\/badge-send-me-button-small-yellow.gif\" alt=\"Send Me A Message\" title=\"Send Me A Message\" \/><\/a>Hier kann man mir eine Sprachmitteilung hinterlassen<\/p>\n","protected":false},"excerpt":{"rendered":"<p>Es gibt verschiedene M\u00f6glichkeiten mit mir Kontakt aufzunehmen. Am einfachsten nat\u00fcrlich per Mail an Au\u00dferdem noch \u00fcber die im Impressum genannte Adresse oder auch \u00fcber folgende Medien des Internets: \u00dcber ICQ Meebo Chatfenster folgt noch Hier kann man mir eine Sprachmitteilung hinterlassen<\/p>\n","protected":false},"author":2,"featured_media":0,"parent":2,"menu_order":9,"comment_status":"open","ping_status":"open","template":"","meta":{"spay_email":""},"jetpack_sharing_enabled":true,"_links":{"self":[{"href":"http:\/\/blog.bluiswelt.de\/index.php?rest_route=\/wp\/v2\/pages\/144"}],"collection":[{"href":"http:\/\/blog.bluiswelt.de\/index.php?rest_route=\/wp\/v2\/pages"}],"about":[{"href":"http:\/\/blog.bluiswelt.de\/index.php?rest_route=\/wp\/v2\/types\/page"}],"author":[{"embeddable":true,"href":"http:\/\/blog.bluiswelt.de\/index.php?rest_route=\/wp\/v2\/users\/2"}],"replies":[{"embeddable":true,"href":"http:\/\/blog.bluiswelt.de\/index.php?rest_route=%2Fwp%2Fv2%2Fcomments&post=144"}],"version-history":[{"count":0,"href":"http:\/\/blog.bluiswelt.de\/index.php?rest_route=\/wp\/v2\/pages\/144\/revisions"}],"up":[{"embeddable":true,"href":"http:\/\/blog.bluiswelt.de\/index.php?rest_route=\/wp\/v2\/pages\/2"}],"wp:attachment":[{"href":"http:\/\/blog.bluiswelt.de\/index.php?rest_route=%2Fwp%2Fv2%2Fmedia&parent=144"}],"curies":[{"name":"wp","href":"https:\/\/api.w.org\/{rel}","templated":true}]}}